{"id":546,"date":"2017-08-18T14:29:46","date_gmt":"2017-08-18T14:29:46","guid":{"rendered":"https:\/\/szukampracy.pl\/blog\/?page_id=546"},"modified":"2018-03-06T08:27:30","modified_gmt":"2018-03-06T08:27:30","slug":"mysla-o-uzytkowniku","status":"publish","type":"page","link":"https:\/\/szukampracy.pl\/blog\/mysla-o-uzytkowniku\/","title":{"rendered":"Z my\u015bl\u0105 o u\u017cytkowniku"},"content":{"rendered":"<h2>Z my\u015bl\u0105\u00a0<strong>o u\u017cytkowniku<\/strong><\/h2>\n<p>Wsp\u00f3lnie z firmami rekrutacyjnymi tworzymy jeden z najbardziej\u00a0<strong class=\"orange\">przyjaznych, efektywnych i nowoczesnych<\/strong>\u00a0portali og\u0142osze\u0144 pracy w Polsce.<\/p>\n<ul>\n<li>Darmowy profil kandydata<\/li>\n<li>Wygodne zarz\u0105dzanie sk\u0142adanymi aplikacjami<\/li>\n<li>Kreator CV, kalkulatory wynagrodze\u0144 i inne przydatne narz\u0119dzia<\/li>\n<\/ul>\n<p><img loading=\"lazy\" decoding=\"async\" class=\"aligncenter size-full wp-image-547\" src=\"https:\/\/szukampracy.pl\/blog\/wp-content\/uploads\/2017\/08\/ogloszenia.png\" alt=\"\" width=\"418\" height=\"419\" srcset=\"https:\/\/szukampracy.pl\/blog\/wp-content\/uploads\/2017\/08\/ogloszenia.png 418w, https:\/\/szukampracy.pl\/blog\/wp-content\/uploads\/2017\/08\/ogloszenia-150x150.png 150w, https:\/\/szukampracy.pl\/blog\/wp-content\/uploads\/2017\/08\/ogloszenia-300x300.png 300w\" sizes=\"(max-width: 418px) 100vw, 418px\" \/><\/p>\n","protected":false},"excerpt":{"rendered":"<p>Z my\u015bl\u0105\u00a0o u\u017cytkowniku Wsp\u00f3lnie z firmami rekrutacyjnymi tworzymy jeden z najbardziej\u00a0przyjaznych, efektywnych i nowoczesnych\u00a0portali og\u0142osze\u0144 pracy w Polsce. Darmowy profil<\/p>\n","protected":false},"author":1,"featured_media":0,"parent":0,"menu_order":0,"comment_status":"closed","ping_status":"closed","template":"","meta":{"footnotes":""},"yoast_head":"<!-- This site is optimized with the Yoast SEO plugin v16.7 - https:\/\/yoast.com\/wordpress\/plugins\/seo\/ -->\n<title>Z my\u015bl\u0105 o u\u017cytkowniku - Blog Szukampracy.pl - Artyku\u0142y o rynku pracy i HR dla pracodawcy<\/title>\n<meta name=\"description\" content=\"Pomy\u015bleli\u015bmy o ka\u017cdym u\u017cytkowniku dlatego oferujemy bezp\u0142atne narz\u0119dzia i poradniki kt\u00f3re znajdziesz na naszej stronie. Wystarczy, \u017ce w pasku wpiszesz szukampracy.pl\" \/>\n<meta name=\"robots\" content=\"index, follow, max-snippet:-1, max-image-preview:large, max-video-preview:-1\" \/>\n<link rel=\"canonical\" href=\"https:\/\/szukampracy.pl\/blog\/mysla-o-uzytkowniku\/\" \/>\n<meta property=\"og:locale\" content=\"pl_PL\" \/>\n<meta property=\"og:type\" content=\"article\" \/>\n<meta property=\"og:title\" content=\"Z my\u015bl\u0105 o u\u017cytkowniku - Blog Szukampracy.pl - Artyku\u0142y o rynku pracy i HR dla pracodawcy\" \/>\n<meta property=\"og:description\" content=\"Pomy\u015bleli\u015bmy o ka\u017cdym u\u017cytkowniku dlatego oferujemy bezp\u0142atne narz\u0119dzia i poradniki kt\u00f3re znajdziesz na naszej stronie. Wystarczy, \u017ce w pasku wpiszesz szukampracy.pl\" \/>\n<meta property=\"og:url\" content=\"https:\/\/szukampracy.pl\/blog\/mysla-o-uzytkowniku\/\" \/>\n<meta property=\"og:site_name\" content=\"Blog Szukampracy.pl - Artyku\u0142y o rynku pracy i HR dla pracodawcy\" \/>\n<meta property=\"article:publisher\" content=\"https:\/\/www.facebook.com\/portalszukampracy\/\" \/>\n<meta property=\"article:modified_time\" content=\"2018-03-06T08:27:30+00:00\" \/>\n<meta property=\"og:image\" content=\"https:\/\/szukampracy.pl\/blog\/wp-content\/uploads\/2017\/08\/ogloszenia.png\" \/>\n<meta name=\"twitter:card\" content=\"summary\" \/>\n<meta name=\"twitter:site\" content=\"@SzukamPracyPl\" \/>\n<script type=\"application\/ld+json\" class=\"yoast-schema-graph\">{\"@context\":\"https:\/\/schema.org\",\"@graph\":[{\"@type\":\"Organization\",\"@id\":\"https:\/\/szukampracy.pl\/blog\/#organization\",\"name\":\"Szukampracy.pl\",\"url\":\"https:\/\/szukampracy.pl\/blog\/\",\"sameAs\":[\"https:\/\/www.facebook.com\/portalszukampracy\/\",\"https:\/\/www.linkedin.com\/company\/szukampracy-pl\",\"https:\/\/www.youtube.com\/channel\/UCmY56pXKURtawvJjwIvU2YQ\",\"https:\/\/twitter.com\/SzukamPracyPl\"],\"logo\":{\"@type\":\"ImageObject\",\"@id\":\"https:\/\/szukampracy.pl\/blog\/#logo\",\"inLanguage\":\"pl-PL\",\"url\":\"https:\/\/szukampracy.pl\/blog\/wp-content\/uploads\/2017\/08\/logo-1.png\",\"contentUrl\":\"https:\/\/szukampracy.pl\/blog\/wp-content\/uploads\/2017\/08\/logo-1.png\",\"width\":240,\"height\":33,\"caption\":\"Szukampracy.pl\"},\"image\":{\"@id\":\"https:\/\/szukampracy.pl\/blog\/#logo\"}},{\"@type\":\"WebSite\",\"@id\":\"https:\/\/szukampracy.pl\/blog\/#website\",\"url\":\"https:\/\/szukampracy.pl\/blog\/\",\"name\":\"Blog Szukampracy.pl - Artyku\\u0142y o rynku pracy i HR dla pracodawcy\",\"description\":\"Nasz blog powsta\\u0142 z my\\u015bl\\u0105 o Pracodawcach, Pracownikach i Kandydatach b\\u0119d\\u0105cych na etapie zapoznawania si\\u0119 z og\\u0142oszeniami o prac\\u0119. Mo\\u017cna u nas znale\\u017a\\u0107 artyku\\u0142y o rynku pracy, z dziedziny HR, zarz\\u0105dzania, ofert pracy za granic\\u0105 oraz inne ciekawostki. Nie wahaj si\\u0119 nas odwiedzi\\u0107\",\"publisher\":{\"@id\":\"https:\/\/szukampracy.pl\/blog\/#organization\"},\"potentialAction\":[{\"@type\":\"SearchAction\",\"target\":{\"@type\":\"EntryPoint\",\"urlTemplate\":\"https:\/\/szukampracy.pl\/blog\/?s={search_term_string}\"},\"query-input\":\"required name=search_term_string\"}],\"inLanguage\":\"pl-PL\"},{\"@type\":\"ImageObject\",\"@id\":\"https:\/\/szukampracy.pl\/blog\/mysla-o-uzytkowniku\/#primaryimage\",\"inLanguage\":\"pl-PL\",\"url\":\"https:\/\/szukampracy.pl\/blog\/wp-content\/uploads\/2017\/08\/ogloszenia.png\",\"contentUrl\":\"https:\/\/szukampracy.pl\/blog\/wp-content\/uploads\/2017\/08\/ogloszenia.png\",\"width\":418,\"height\":419},{\"@type\":\"WebPage\",\"@id\":\"https:\/\/szukampracy.pl\/blog\/mysla-o-uzytkowniku\/#webpage\",\"url\":\"https:\/\/szukampracy.pl\/blog\/mysla-o-uzytkowniku\/\",\"name\":\"Z my\\u015bl\\u0105 o u\\u017cytkowniku - Blog Szukampracy.pl - Artyku\\u0142y o rynku pracy i HR dla pracodawcy\",\"isPartOf\":{\"@id\":\"https:\/\/szukampracy.pl\/blog\/#website\"},\"primaryImageOfPage\":{\"@id\":\"https:\/\/szukampracy.pl\/blog\/mysla-o-uzytkowniku\/#primaryimage\"},\"datePublished\":\"2017-08-18T14:29:46+00:00\",\"dateModified\":\"2018-03-06T08:27:30+00:00\",\"description\":\"Pomy\\u015bleli\\u015bmy o ka\\u017cdym u\\u017cytkowniku dlatego oferujemy bezp\\u0142atne narz\\u0119dzia i poradniki kt\\u00f3re znajdziesz na naszej stronie. Wystarczy, \\u017ce w pasku wpiszesz szukampracy.pl\",\"breadcrumb\":{\"@id\":\"https:\/\/szukampracy.pl\/blog\/mysla-o-uzytkowniku\/#breadcrumb\"},\"inLanguage\":\"pl-PL\",\"potentialAction\":[{\"@type\":\"ReadAction\",\"target\":[\"https:\/\/szukampracy.pl\/blog\/mysla-o-uzytkowniku\/\"]}]},{\"@type\":\"BreadcrumbList\",\"@id\":\"https:\/\/szukampracy.pl\/blog\/mysla-o-uzytkowniku\/#breadcrumb\",\"itemListElement\":[{\"@type\":\"ListItem\",\"position\":1,\"name\":\"Blog\",\"item\":\"https:\/\/szukampracy.pl\/blog\/\"},{\"@type\":\"ListItem\",\"position\":2,\"name\":\"Z my\\u015bl\\u0105 o u\\u017cytkowniku\"}]}]}<\/script>\n<!-- \/ Yoast SEO plugin. -->","yoast_head_json":{"title":"Z my\u015bl\u0105 o u\u017cytkowniku - Blog Szukampracy.pl - Artyku\u0142y o rynku pracy i HR dla pracodawcy","description":"Pomy\u015bleli\u015bmy o ka\u017cdym u\u017cytkowniku dlatego oferujemy bezp\u0142atne narz\u0119dzia i poradniki kt\u00f3re znajdziesz na naszej stronie. Wystarczy, \u017ce w pasku wpiszesz szukampracy.pl","robots":{"index":"index","follow":"follow","max-snippet":"max-snippet:-1","max-image-preview":"max-image-preview:large","max-video-preview":"max-video-preview:-1"},"canonical":"https:\/\/szukampracy.pl\/blog\/mysla-o-uzytkowniku\/","og_locale":"pl_PL","og_type":"article","og_title":"Z my\u015bl\u0105 o u\u017cytkowniku - Blog Szukampracy.pl - Artyku\u0142y o rynku pracy i HR dla pracodawcy","og_description":"Pomy\u015bleli\u015bmy o ka\u017cdym u\u017cytkowniku dlatego oferujemy bezp\u0142atne narz\u0119dzia i poradniki kt\u00f3re znajdziesz na naszej stronie. Wystarczy, \u017ce w pasku wpiszesz szukampracy.pl","og_url":"https:\/\/szukampracy.pl\/blog\/mysla-o-uzytkowniku\/","og_site_name":"Blog Szukampracy.pl - Artyku\u0142y o rynku pracy i HR dla pracodawcy","article_publisher":"https:\/\/www.facebook.com\/portalszukampracy\/","article_modified_time":"2018-03-06T08:27:30+00:00","og_image":[{"url":"https:\/\/szukampracy.pl\/blog\/wp-content\/uploads\/2017\/08\/ogloszenia.png"}],"twitter_card":"summary","twitter_site":"@SzukamPracyPl","schema":{"@context":"https:\/\/schema.org","@graph":[{"@type":"Organization","@id":"https:\/\/szukampracy.pl\/blog\/#organization","name":"Szukampracy.pl","url":"https:\/\/szukampracy.pl\/blog\/","sameAs":["https:\/\/www.facebook.com\/portalszukampracy\/","https:\/\/www.linkedin.com\/company\/szukampracy-pl","https:\/\/www.youtube.com\/channel\/UCmY56pXKURtawvJjwIvU2YQ","https:\/\/twitter.com\/SzukamPracyPl"],"logo":{"@type":"ImageObject","@id":"https:\/\/szukampracy.pl\/blog\/#logo","inLanguage":"pl-PL","url":"https:\/\/szukampracy.pl\/blog\/wp-content\/uploads\/2017\/08\/logo-1.png","contentUrl":"https:\/\/szukampracy.pl\/blog\/wp-content\/uploads\/2017\/08\/logo-1.png","width":240,"height":33,"caption":"Szukampracy.pl"},"image":{"@id":"https:\/\/szukampracy.pl\/blog\/#logo"}},{"@type":"WebSite","@id":"https:\/\/szukampracy.pl\/blog\/#website","url":"https:\/\/szukampracy.pl\/blog\/","name":"Blog Szukampracy.pl - Artyku\u0142y o rynku pracy i HR dla pracodawcy","description":"Nasz blog powsta\u0142 z my\u015bl\u0105 o Pracodawcach, Pracownikach i Kandydatach b\u0119d\u0105cych na etapie zapoznawania si\u0119 z og\u0142oszeniami o prac\u0119. Mo\u017cna u nas znale\u017a\u0107 artyku\u0142y o rynku pracy, z dziedziny HR, zarz\u0105dzania, ofert pracy za granic\u0105 oraz inne ciekawostki. Nie wahaj si\u0119 nas odwiedzi\u0107","publisher":{"@id":"https:\/\/szukampracy.pl\/blog\/#organization"},"potentialAction":[{"@type":"SearchAction","target":{"@type":"EntryPoint","urlTemplate":"https:\/\/szukampracy.pl\/blog\/?s={search_term_string}"},"query-input":"required name=search_term_string"}],"inLanguage":"pl-PL"},{"@type":"ImageObject","@id":"https:\/\/szukampracy.pl\/blog\/mysla-o-uzytkowniku\/#primaryimage","inLanguage":"pl-PL","url":"https:\/\/szukampracy.pl\/blog\/wp-content\/uploads\/2017\/08\/ogloszenia.png","contentUrl":"https:\/\/szukampracy.pl\/blog\/wp-content\/uploads\/2017\/08\/ogloszenia.png","width":418,"height":419},{"@type":"WebPage","@id":"https:\/\/szukampracy.pl\/blog\/mysla-o-uzytkowniku\/#webpage","url":"https:\/\/szukampracy.pl\/blog\/mysla-o-uzytkowniku\/","name":"Z my\u015bl\u0105 o u\u017cytkowniku - Blog Szukampracy.pl - Artyku\u0142y o rynku pracy i HR dla pracodawcy","isPartOf":{"@id":"https:\/\/szukampracy.pl\/blog\/#website"},"primaryImageOfPage":{"@id":"https:\/\/szukampracy.pl\/blog\/mysla-o-uzytkowniku\/#primaryimage"},"datePublished":"2017-08-18T14:29:46+00:00","dateModified":"2018-03-06T08:27:30+00:00","description":"Pomy\u015bleli\u015bmy o ka\u017cdym u\u017cytkowniku dlatego oferujemy bezp\u0142atne narz\u0119dzia i poradniki kt\u00f3re znajdziesz na naszej stronie. Wystarczy, \u017ce w pasku wpiszesz szukampracy.pl","breadcrumb":{"@id":"https:\/\/szukampracy.pl\/blog\/mysla-o-uzytkowniku\/#breadcrumb"},"inLanguage":"pl-PL","potentialAction":[{"@type":"ReadAction","target":["https:\/\/szukampracy.pl\/blog\/mysla-o-uzytkowniku\/"]}]},{"@type":"BreadcrumbList","@id":"https:\/\/szukampracy.pl\/blog\/mysla-o-uzytkowniku\/#breadcrumb","itemListElement":[{"@type":"ListItem","position":1,"name":"Blog","item":"https:\/\/szukampracy.pl\/blog\/"},{"@type":"ListItem","position":2,"name":"Z my\u015bl\u0105 o u\u017cytkowniku"}]}]}},"amp_enabled":true,"_links":{"self":[{"href":"https:\/\/szukampracy.pl\/blog\/wp-json\/wp\/v2\/pages\/546"}],"collection":[{"href":"https:\/\/szukampracy.pl\/blog\/wp-json\/wp\/v2\/pages"}],"about":[{"href":"https:\/\/szukampracy.pl\/blog\/wp-json\/wp\/v2\/types\/page"}],"author":[{"embeddable":true,"href":"https:\/\/szukampracy.pl\/blog\/wp-json\/wp\/v2\/users\/1"}],"replies":[{"embeddable":true,"href":"https:\/\/szukampracy.pl\/blog\/wp-json\/wp\/v2\/comments?post=546"}],"version-history":[{"count":0,"href":"https:\/\/szukampracy.pl\/blog\/wp-json\/wp\/v2\/pages\/546\/revisions"}],"wp:attachment":[{"href":"https:\/\/szukampracy.pl\/blog\/wp-json\/wp\/v2\/media?parent=546"}],"curies":[{"name":"wp","href":"https:\/\/api.w.org\/{rel}","templated":true}]}}